{"id":5220,"date":"2019-12-28T17:47:00","date_gmt":"2019-12-28T17:47:00","guid":{"rendered":"https:\/\/marketinghacker.pl\/blog\/?page_id=5220"},"modified":"2022-10-17T03:14:04","modified_gmt":"2022-10-17T03:14:04","slug":"polityka-prywatnosci","status":"publish","type":"page","link":"https:\/\/marketinghacker.pl\/blog\/polityka-prywatnosci\/","title":{"rendered":"Polityka prywatno\u015bci i plik\u00f3w cookies"},"content":{"rendered":"<div id=\"pl-gb5220-69e380eaceb71\"  class=\"panel-layout\" ><div id=\"pg-gb5220-69e380eaceb71-0\"  class=\"panel-grid panel-no-style\" ><div id=\"pgc-gb5220-69e380eaceb71-0-0\"  class=\"panel-grid-cell\" ><div id=\"panel-gb5220-69e380eaceb71-0-0-0\" class=\"so-panel widget widget_text panel-first-child panel-last-child\" data-index=\"0\" >\t\t\t<div class=\"textwidget\"><p>Niniejsza Polityka prywatno\u015bci i plik\u00f3w cookies strony, zwana dalej Stron\u0105 internetow\u0105, okre\u015bla zasady przetwarzania i ochrony danych osobowych oraz wykorzystania plik\u00f3w cookies oraz innych technologii takich jak Google Analytics, Facebook Pixel, Wishpond w zwi\u0105zku z korzystaniem przez U\u017cytkownik\u00f3w ze Strony internetowej.<\/p>\n<ul>\n<li><strong>1\u00a0<\/strong><strong>Definicje<\/strong><\/li>\n<\/ul>\n<p>Na potrzeby niniejszej polityki prywatno\u015bci przyjmuje si\u0119 nast\u0119puj\u0105ce znaczenie poni\u017cszych poj\u0119\u0107:<\/p>\n<ol>\n<li><strong>Administrator<\/strong>\u00a0\u2013 administratorem danych osobowych jest Aptiva sp. z o.o<\/li>\n<li><strong>Strona internetowa<\/strong>\u00a0\u2013 serwis dost\u0119pny pod adresem https:\/\/marketinghacker.pl\/blog<\/li>\n<li><strong>U\u017cytkownik<\/strong>\u00a0\u2013 ka\u017cdy podmiot, kt\u00f3ry przegl\u0105da zawarto\u015b\u0107 Strony internetowej.<\/li>\n<li><strong>RODO<\/strong>\u00a0\u2013 Rozporz\u0105dzenie Parlamentu Europejskiego i\u00a0Rady (UE) 2016\/679 z\u00a0dnia 27 kwietnia 2016 r. w\u00a0sprawie ochrony os\u00f3b fizycznych w\u00a0zwi\u0105zku z\u00a0przetwarzaniem danych osobowych i\u00a0w sprawie swobodnego przep\u0142ywu takich danych oraz uchylenia dyrektywy 95\/46\/WE<\/li>\n<\/ol>\n<p>&nbsp;<\/p>\n<ul>\n<li><strong>2\u00a0<\/strong><strong>Dane osobowe<\/strong><\/li>\n<\/ul>\n<ol>\n<li>Administratorem danych osobowych U\u017cytkownika w rozumieniu RODO jest Administrator.<\/li>\n<li>U\u017cytkownik mo\u017ce przekazywa\u0107 swoje dane osobowe Administratorowi za pomoc\u0105 formularzy dost\u0119pnych na Stronie internetowej, w szczeg\u00f3lno\u015bci formularza kontaktowego i formularza zapisu na newsletter.<\/li>\n<li>Podstaw\u0105 prawn\u0105 przetwarzania danych osobowych U\u017cytkownik\u00f3w jest dobrowolna, konkretna, \u015bwiadoma i jednoznaczna zgoda U\u017cytkownika wyra\u017cona odpowiednim dzia\u0142aniem lub wyra\u017cona np. za pomoc\u0105 formularzy dost\u0119pnych na Stronie internetowej.<\/li>\n<li>Dane osobowe mog\u0105 by\u0107 przetwarzane tak\u017ce w przypadkach, w kt\u00f3rych Administrator jest upowa\u017cniony do przetwarzania danych osobowych na podstawie przepis\u00f3w prawa lub w celu realizacji zawartej pomi\u0119dzy stronami umowy.<\/li>\n<li>Dane osobowe przekazywane Administratorowi przez U\u017cytkownika w\u00a0<strong>ramach formularza zapisu<\/strong>\u00a0<strong>na newsletter<\/strong>\u00a0przetwarzane s\u0105 w celu przesy\u0142ania U\u017cytkownikowi newslettera zawieraj\u0105cego informacj\u0119 o nowo\u015bciach i informacjach o us\u0142ugach i produktach oferowanych przez Administratora. Podanie danych osobowych przez U\u017cytkownika jest dobrowolne, ale niezb\u0119dne, by U\u017cytkownik m\u00f3g\u0142 zapisa\u0107 si\u0119 i otrzymywa\u0107 newsletter. Przetwarzanie danych w tym celu odbywa si\u0119 tylko i\u00a0wy\u0142\u0105cznie za zgod\u0105 U\u017cytkownika, kt\u00f3r\u0105 U\u017cytkownik mo\u017ce wyrazi\u0107 w formularzu zapisu na newsletter i mo\u017ce j\u0105 cofn\u0105\u0107 w dowolnym momencie. Dane te b\u0119d\u0105 przetwarzane do czasu zaprzestania wysy\u0142ki newslettera lub wcze\u015bniejszym wycofaniu zgody przez U\u017cytkownika.<\/li>\n<li>Dane osobowe przekazywane Administratorowi przez U\u017cytkownika w ramach\u00a0<strong>formularza kontaktowego<\/strong>\u00a0przetwarzane s\u0105 w celu udzielenia odpowiedzi na wys\u0142ane za pomoc\u0105 formularza zapytanie oraz prowadzenie korespondencji. Podanie danych osobowych przez U\u017cytkownika jest dobrowolne, ale niezb\u0119dne, by U\u017cytkownik otrzyma\u0142 odpowied\u017a. Przetwarzanie danych w tym celu odbywa si\u0119 na podstawie prawnie uzasadnionego interesu realizowanych przez administratora (art.6 ust.1 lit.f RODO). Dane te b\u0119d\u0105 przetwarzane przez 5 lat po zako\u0144czeniu korespondencji.<\/li>\n<li>Administrator mo\u017ce powierzy\u0107 dane osobowe innym podmiotom, z pomoc\u0105 kt\u00f3rych realizuje wskazane w poprzednich punktach cele (np. firmom dostarczaj\u0105cym us\u0142ug\u0119 hostingu, firmie ksi\u0119gowej, firmom kurierskim, podwykonawcom).<\/li>\n<li>Administrator gwarantuje poufno\u015b\u0107 wszelkich przekazanych mu danych osobowych.<\/li>\n<li>Dane osobowe s\u0105 gromadzone z nale\u017cyt\u0105 staranno\u015bci\u0105 i odpowiednio chronione przed dost\u0119pem przez osoby do tego nieupowa\u017cnione, a ich przetwarzanie odbywa si\u0119 zgodnie oraz na warunkach okre\u015blonych szczeg\u00f3\u0142owo w:\n<ol>\n<li>Rozporz\u0105dzeniu Parlamentu Europejskiego i\u00a0Rady (UE) 2016\/679 z\u00a0dnia 27 kwietnia 2016 r. w\u00a0sprawie ochrony os\u00f3b fizycznych w\u00a0zwi\u0105zku z\u00a0przetwarzaniem danych osobowych i\u00a0w sprawie swobodnego przep\u0142ywu takich danych oraz uchylenia dyrektywy 95\/46\/WE,<\/li>\n<li>ustawie z dnia 18 lipca 2002 o \u015bwiadczenie us\u0142ug drog\u0105 elektroniczn\u0105,<\/li>\n<li>ustawie z dnia 10 maja 2018 o ochronie danych osobowych.<\/li>\n<\/ol>\n<\/li>\n<\/ol>\n<p>&nbsp;<\/p>\n<ul>\n<li><strong>3\u00a0<\/strong><strong>Prawa u\u017cytkownika<\/strong><\/li>\n<\/ul>\n<ol>\n<li>U\u017cytkownikowi przys\u0142uguj\u0105 prawa zwi\u0105zane z przetwarzaniem jego danych osobowych, w\u00a0tym:\n<ol>\n<li>prawo dost\u0119pu do danych<\/li>\n<li>prawo do poprawienia danych<\/li>\n<li>prawo do ograniczenia przetwarzania danych<\/li>\n<li>prawo do sprzeciwu wobec przetwarzania danych<\/li>\n<li>prawo do usuni\u0119cia danych (tzw. prawo do bycia zapomnianym)<\/li>\n<li>prawo do przenoszenia danych<\/li>\n<li>prawo do wniesienia skargi do organu nadzorczego w zwi\u0105zku z przetwarzaniem danych osobowych przez Administratora<\/li>\n<\/ol>\n<\/li>\n<li>U\u017cytkownik ma prawo do cofni\u0119cia swojej zgody w ka\u017cdej chwili, je\u015bli U\u017cytkownik uprzednio wyrazi\u0142 tak\u0105 zgod\u0119.<\/li>\n<li>W celu realizacji swoich praw U\u017cytkownik powinien skierowa\u0107 odpowiednie \u017c\u0105danie na adres: marcin@marketinghacker.pl<\/li>\n<\/ol>\n<p><strong>\u00a0<\/strong><\/p>\n<ul>\n<li><strong>4\u00a0<\/strong><strong>Gromadzone informacje<\/strong><\/li>\n<\/ul>\n<ol>\n<li>Podczas korzystania przez U\u017cytkownika ze Strony internetowej automatycznie zbierane s\u0105\u00a0dane dotycz\u0105ce U\u017cytkownika. Do tych danych zalicza si\u0119: adres IP, nazwa domeny, typ przegl\u0105darki, typ systemu operacyjnego. Dane te mog\u0105 by\u0107 zbierane przez pliki cookies (tzw.\u00a0ciasteczka), a tak\u017ce mog\u0105 by\u0107 zapisywane w logach serwera.<\/li>\n<li>Pliki cookies (tzw. ciasteczka) to pliki wysy\u0142ane do komputera lub innego urz\u0105dzenia (np.\u00a0laptop, smartfon, tablet) U\u017cytkownika podczas przegl\u0105dania Strony internetowej. Pliki\u00a0cookie zapami\u0119tuj\u0105 preferencje U\u017cytkownika, co umo\u017cliwia podnoszenie jako\u015bci \u015bwiadczonych us\u0142ug, poprawianie wynik\u00f3w wyszukiwania i trafno\u015bci wy\u015bwietlanych informacji oraz anonimowe \u015bledzenie preferencji u\u017cytkownika.<\/li>\n<li>Zgod\u0119 na przechowywanie lub uzyskiwanie dost\u0119pu do cookies przez Administratora na jego urz\u0105dzeniu U\u017cytkownik wyra\u017ca za pomoc\u0105 ustawie\u0144 przegl\u0105darki zainstalowanej na urz\u0105dzeniu U\u017cytkownika.<\/li>\n<li>U\u017cytkownik mo\u017ce zrezygnowa\u0107 z cookies, wybieraj\u0105c odpowiednie ustawienia w u\u017cywanej przez siebie przegl\u0105darce stron www. W takiej sytuacji korzystanie ze Strony internetowej przez U\u017cytkownika mo\u017ce by\u0107 utrudnione (np. strona mo\u017ce pracowa\u0107 wolniej).<\/li>\n<li>U\u017cytkownik mo\u017ce usun\u0105\u0107 istniej\u0105ce pliki cookies z urz\u0105dzenia, korzystaj\u0105c z odpowiednich funkcji przegl\u0105darki internetowej, programy s\u0142u\u017c\u0105ce w tym celu lub skorzystanie z\u00a0odpowiednich narz\u0119dzi dost\u0119pnych w ramach systemu operacyjnego, z kt\u00f3rego korzysta U\u017cytkownik.<\/li>\n<li>Korzystanie ze Strony internetowej wi\u0105\u017ce si\u0119 z przes\u0142aniem zapyta\u0144 do serwera, na kt\u00f3rym przechowywana jest Strona internetowa. Ka\u017cde takie zapytanie jest zapisywane w logach serwera. Logi obejmuj\u0105 m.in.: adres IP U\u017cytkownika, dat\u0119 i czas logowania do serwera, informacje o u\u017cywanej przegl\u0105darce internetowej i systemie operacyjnym.<\/li>\n<li>Dane zapisane w logach serwera nie s\u0105 \u0142\u0105czone w \u017caden spos\u00f3b z konkretnymi podmiotami korzystaj\u0105cymi ze Strony internetowej i nie s\u0105 wykorzystywane przez Administratora w celu identyfikacji U\u017cytkownika. Logi serwera s\u0142u\u017c\u0105 do administrowania Stron\u0105 internetow\u0105, a ich zawarto\u015b\u0107 nie jest ujawniania nikomu poza osobami upowa\u017cnionymi do administrowania serwerem.<\/li>\n<li>Na Stronie internetowej s\u0105 stosowane technologie rejestruj\u0105ce\u00a0<strong>anonimowo<\/strong>\u00a0dzia\u0142ania podejmowane przez U\u017cytkownika podczas korzystania ze Strony internetowej. Jest to m.in.: Google Analytics \u2013 stosowana w celu analizowania statystyk Strony internetowej<\/li>\n<li>Dane uzyskane przez te narz\u0119dzia nie s\u0105 \u0142\u0105czone w \u017caden spos\u00f3b z konkretnymi podmiotami korzystaj\u0105cymi ze Strony internetowej i nie s\u0105 wykorzystywane przez Administratora w celu identyfikacji U\u017cytkownika.<\/li>\n<li>Konsekwencj\u0105 zastosowania technologii wymienionych w \u00a7 3 pkt. 8 b\u0119dzie zoptymalizowanie Strony internetowej, jej tre\u015bci oraz oferty Produkt\u00f3w do potrzeb U\u017cytkownika.<\/li>\n<\/ol>\n<p>&nbsp;<\/p>\n<ul>\n<li><strong>5\u00a0<\/strong><strong>Cel wykorzystania danych<\/strong><\/li>\n<\/ul>\n<p>Dane podane przez U\u017cytkownika lub zbierane automatycznie Administrator wykorzystuje w celu:<\/p>\n<ol>\n<li>prawid\u0142owego funkcjonowania, konfiguracji, bezpiecze\u0144stwa Strony internetowej,<\/li>\n<li>monitorowania stanu sesji,<\/li>\n<li>analiz, bada\u0144\u00a0i audytu wy\u015bwietle\u0144 Strony internetowej,<\/li>\n<li>a tak\u017ce w celach statystycznych i marketingowych.<\/li>\n<\/ol>\n<p>&nbsp;<\/p>\n<ul>\n<li><strong>6\u00a0<\/strong><strong>Postanowienia ko\u0144cowe<\/strong><\/li>\n<\/ul>\n<ol>\n<li>W niniejszym dokumencie mog\u0105 nast\u0105pi\u0107 zmiany, na kt\u00f3re mo\u017ce wp\u0142yn\u0105\u0107 rozw\u00f3j technologii internetowej, zmiany prawa w zakresie ochrony danych osobowych oraz rozw\u00f3j naszej Strony internetowej. Wszelkie zmiany b\u0119d\u0105 komunikowane U\u017cytkownikom niezw\u0142ocznie w spos\u00f3b widoczny i zrozumia\u0142y.<\/li>\n<li>Wszelkie pytania lub uwagi dotycz\u0105ce Polityki prywatno\u015bci i plik\u00f3w cookies prosimy kierowa\u0107 na adres: marcin@marketinghacker.pl<\/li>\n<\/ol>\n<\/div>\n\t\t<\/div><\/div><\/div><\/div>","protected":false},"excerpt":{"rendered":"<p>Niniejsza Polityka prywatno\u015bci i plik\u00f3w cookies strony, zwana dalej Stron\u0105 internetow\u0105, okre\u015bla zasady przetwarzania i ochrony danych osobowych oraz wykorzystania plik\u00f3w cookies oraz innych technologii takich jak Google Analytics, Facebook Pixel, Wishpond w zwi\u0105zku z korzystaniem przez U\u017cytkownik\u00f3w ze Strony internetowej. 1\u00a0Definicje Na potrzeby niniejszej polityki prywatno\u015bci przyjmuje si\u0119 nast\u0119puj\u0105ce znaczenie poni\u017cszych poj\u0119\u0107: Administrator\u00a0\u2013 administratorem [&hellip;]<\/p>\n","protected":false},"author":1,"featured_media":0,"parent":0,"menu_order":0,"comment_status":"closed","ping_status":"closed","template":"page-fullwidth.php","meta":[],"yoast_head":"<!-- This site is optimized with the Yoast SEO plugin v17.7.1 - https:\/\/yoast.com\/wordpress\/plugins\/seo\/ -->\n<title>Polityka prywatno\u015bci i plik\u00f3w cookies - Marketing Hacker<\/title>\n<meta name=\"description\" content=\"Polityka prywatno\u015bci i wykorzystywania plik\u00f3w cookies wyja\u015bnia zakres, a tak\u017ce okre\u015bla zasady przetwarzania danych osobowych przez stron\u0119 Marketing Hacker.\" \/>\n<meta name=\"robots\" content=\"noindex, nofollow\" \/>\n<meta property=\"og:locale\" content=\"pl_PL\" \/>\n<meta property=\"og:type\" content=\"article\" \/>\n<meta property=\"og:title\" content=\"Polityka prywatno\u015bci i plik\u00f3w cookies - Marketing Hacker\" \/>\n<meta property=\"og:description\" content=\"Polityka prywatno\u015bci i wykorzystywania plik\u00f3w cookies wyja\u015bnia zakres, a tak\u017ce okre\u015bla zasady przetwarzania danych osobowych przez stron\u0119 Marketing Hacker.\" \/>\n<meta property=\"og:url\" content=\"https:\/\/marketinghacker.pl\/blog\/polityka-prywatnosci\/\" \/>\n<meta property=\"og:site_name\" content=\"Marketing Hacker\" \/>\n<meta property=\"article:modified_time\" content=\"2022-10-17T03:14:04+00:00\" \/>\n<meta name=\"twitter:card\" content=\"summary_large_image\" \/>\n<meta name=\"twitter:label1\" content=\"Szacowany czas czytania\" \/>\n\t<meta name=\"twitter:data1\" content=\"5 minut\" \/>\n<script type=\"application\/ld+json\" class=\"yoast-schema-graph\">{\"@context\":\"https:\/\/schema.org\",\"@graph\":[{\"@type\":\"Organization\",\"@id\":\"https:\/\/marketinghacker.pl\/blog\/#organization\",\"name\":\"MarketingHacker.pl \/ Aptiva sp. z o.o\",\"url\":\"https:\/\/marketinghacker.pl\/blog\/\",\"sameAs\":[\"https:\/\/instagram.com\/marketinghacker_pl\"],\"logo\":{\"@type\":\"ImageObject\",\"@id\":\"https:\/\/marketinghacker.pl\/blog\/#logo\",\"inLanguage\":\"pl-PL\",\"url\":\"https:\/\/marketinghacker.pl\/blog\/wp-content\/uploads\/2020\/02\/marketinghacker_facebook.png\",\"contentUrl\":\"https:\/\/marketinghacker.pl\/blog\/wp-content\/uploads\/2020\/02\/marketinghacker_facebook.png\",\"width\":1348,\"height\":398,\"caption\":\"MarketingHacker.pl \/ Aptiva sp. z o.o\"},\"image\":{\"@id\":\"https:\/\/marketinghacker.pl\/blog\/#logo\"}},{\"@type\":\"WebSite\",\"@id\":\"https:\/\/marketinghacker.pl\/blog\/#website\",\"url\":\"https:\/\/marketinghacker.pl\/blog\/\",\"name\":\"Marketing Hacker\",\"description\":\"Blog o marketingu, lejkach sprzeda\\u017cowych i skalowaniu sprzeda\\u017cy online\",\"publisher\":{\"@id\":\"https:\/\/marketinghacker.pl\/blog\/#organization\"},\"potentialAction\":[{\"@type\":\"SearchAction\",\"target\":{\"@type\":\"EntryPoint\",\"urlTemplate\":\"https:\/\/marketinghacker.pl\/blog\/?s={search_term_string}\"},\"query-input\":\"required name=search_term_string\"}],\"inLanguage\":\"pl-PL\"},{\"@type\":\"WebPage\",\"@id\":\"https:\/\/marketinghacker.pl\/blog\/polityka-prywatnosci\/#webpage\",\"url\":\"https:\/\/marketinghacker.pl\/blog\/polityka-prywatnosci\/\",\"name\":\"Polityka prywatno\\u015bci i plik\\u00f3w cookies - Marketing Hacker\",\"isPartOf\":{\"@id\":\"https:\/\/marketinghacker.pl\/blog\/#website\"},\"datePublished\":\"2019-12-28T17:47:00+00:00\",\"dateModified\":\"2022-10-17T03:14:04+00:00\",\"description\":\"Polityka prywatno\\u015bci i wykorzystywania plik\\u00f3w cookies wyja\\u015bnia zakres, a tak\\u017ce okre\\u015bla zasady przetwarzania danych osobowych przez stron\\u0119 Marketing Hacker.\",\"breadcrumb\":{\"@id\":\"https:\/\/marketinghacker.pl\/blog\/polityka-prywatnosci\/#breadcrumb\"},\"inLanguage\":\"pl-PL\",\"potentialAction\":[{\"@type\":\"ReadAction\",\"target\":[\"https:\/\/marketinghacker.pl\/blog\/polityka-prywatnosci\/\"]}]},{\"@type\":\"BreadcrumbList\",\"@id\":\"https:\/\/marketinghacker.pl\/blog\/polityka-prywatnosci\/#breadcrumb\",\"itemListElement\":[{\"@type\":\"ListItem\",\"position\":1,\"name\":\"Strona g\\u0142\\u00f3wna\",\"item\":\"https:\/\/marketinghacker.pl\/blog\/\"},{\"@type\":\"ListItem\",\"position\":2,\"name\":\"Polityka prywatno\\u015bci i plik\\u00f3w cookies\"}]}]}<\/script>\n<!-- \/ Yoast SEO plugin. -->","yoast_head_json":{"title":"Polityka prywatno\u015bci i plik\u00f3w cookies - Marketing Hacker","description":"Polityka prywatno\u015bci i wykorzystywania plik\u00f3w cookies wyja\u015bnia zakres, a tak\u017ce okre\u015bla zasady przetwarzania danych osobowych przez stron\u0119 Marketing Hacker.","robots":{"index":"noindex","follow":"nofollow"},"og_locale":"pl_PL","og_type":"article","og_title":"Polityka prywatno\u015bci i plik\u00f3w cookies - Marketing Hacker","og_description":"Polityka prywatno\u015bci i wykorzystywania plik\u00f3w cookies wyja\u015bnia zakres, a tak\u017ce okre\u015bla zasady przetwarzania danych osobowych przez stron\u0119 Marketing Hacker.","og_url":"https:\/\/marketinghacker.pl\/blog\/polityka-prywatnosci\/","og_site_name":"Marketing Hacker","article_modified_time":"2022-10-17T03:14:04+00:00","twitter_card":"summary_large_image","twitter_misc":{"Szacowany czas czytania":"5 minut"},"schema":{"@context":"https:\/\/schema.org","@graph":[{"@type":"Organization","@id":"https:\/\/marketinghacker.pl\/blog\/#organization","name":"MarketingHacker.pl \/ Aptiva sp. z o.o","url":"https:\/\/marketinghacker.pl\/blog\/","sameAs":["https:\/\/instagram.com\/marketinghacker_pl"],"logo":{"@type":"ImageObject","@id":"https:\/\/marketinghacker.pl\/blog\/#logo","inLanguage":"pl-PL","url":"https:\/\/marketinghacker.pl\/blog\/wp-content\/uploads\/2020\/02\/marketinghacker_facebook.png","contentUrl":"https:\/\/marketinghacker.pl\/blog\/wp-content\/uploads\/2020\/02\/marketinghacker_facebook.png","width":1348,"height":398,"caption":"MarketingHacker.pl \/ Aptiva sp. z o.o"},"image":{"@id":"https:\/\/marketinghacker.pl\/blog\/#logo"}},{"@type":"WebSite","@id":"https:\/\/marketinghacker.pl\/blog\/#website","url":"https:\/\/marketinghacker.pl\/blog\/","name":"Marketing Hacker","description":"Blog o marketingu, lejkach sprzeda\u017cowych i skalowaniu sprzeda\u017cy online","publisher":{"@id":"https:\/\/marketinghacker.pl\/blog\/#organization"},"potentialAction":[{"@type":"SearchAction","target":{"@type":"EntryPoint","urlTemplate":"https:\/\/marketinghacker.pl\/blog\/?s={search_term_string}"},"query-input":"required name=search_term_string"}],"inLanguage":"pl-PL"},{"@type":"WebPage","@id":"https:\/\/marketinghacker.pl\/blog\/polityka-prywatnosci\/#webpage","url":"https:\/\/marketinghacker.pl\/blog\/polityka-prywatnosci\/","name":"Polityka prywatno\u015bci i plik\u00f3w cookies - Marketing Hacker","isPartOf":{"@id":"https:\/\/marketinghacker.pl\/blog\/#website"},"datePublished":"2019-12-28T17:47:00+00:00","dateModified":"2022-10-17T03:14:04+00:00","description":"Polityka prywatno\u015bci i wykorzystywania plik\u00f3w cookies wyja\u015bnia zakres, a tak\u017ce okre\u015bla zasady przetwarzania danych osobowych przez stron\u0119 Marketing Hacker.","breadcrumb":{"@id":"https:\/\/marketinghacker.pl\/blog\/polityka-prywatnosci\/#breadcrumb"},"inLanguage":"pl-PL","potentialAction":[{"@type":"ReadAction","target":["https:\/\/marketinghacker.pl\/blog\/polityka-prywatnosci\/"]}]},{"@type":"BreadcrumbList","@id":"https:\/\/marketinghacker.pl\/blog\/polityka-prywatnosci\/#breadcrumb","itemListElement":[{"@type":"ListItem","position":1,"name":"Strona g\u0142\u00f3wna","item":"https:\/\/marketinghacker.pl\/blog\/"},{"@type":"ListItem","position":2,"name":"Polityka prywatno\u015bci i plik\u00f3w cookies"}]}]}},"_links":{"self":[{"href":"https:\/\/marketinghacker.pl\/blog\/wp-json\/wp\/v2\/pages\/5220"}],"collection":[{"href":"https:\/\/marketinghacker.pl\/blog\/wp-json\/wp\/v2\/pages"}],"about":[{"href":"https:\/\/marketinghacker.pl\/blog\/wp-json\/wp\/v2\/types\/page"}],"author":[{"embeddable":true,"href":"https:\/\/marketinghacker.pl\/blog\/wp-json\/wp\/v2\/users\/1"}],"replies":[{"embeddable":true,"href":"https:\/\/marketinghacker.pl\/blog\/wp-json\/wp\/v2\/comments?post=5220"}],"version-history":[{"count":5,"href":"https:\/\/marketinghacker.pl\/blog\/wp-json\/wp\/v2\/pages\/5220\/revisions"}],"predecessor-version":[{"id":6964,"href":"https:\/\/marketinghacker.pl\/blog\/wp-json\/wp\/v2\/pages\/5220\/revisions\/6964"}],"wp:attachment":[{"href":"https:\/\/marketinghacker.pl\/blog\/wp-json\/wp\/v2\/media?parent=5220"}],"curies":[{"name":"wp","href":"https:\/\/api.w.org\/{rel}","templated":true}]}}